{"id":776,"date":"2024-07-19T03:27:41","date_gmt":"2024-07-19T03:27:41","guid":{"rendered":"https:\/\/44904.phuha.vinawebsite.vn\/thi-cong-xay-dung\/"},"modified":"2024-07-22T04:15:52","modified_gmt":"2024-07-22T04:15:52","slug":"construction","status":"publish","type":"page","link":"https:\/\/homes.net.vn\/en\/construction\/","title":{"rendered":"Construction"},"content":{"rendered":"\n  \n    <div class=\"row gallery-construct large-columns-4 medium-columns-3 small-columns-2 row-small\" >\n  <div class=\"gallery-col col\" data-animate=\"fadeInUp\">\n          <div class=\"col-inner\">\n            <a class=\"image-lightbox lightbox-gallery\" href=\"https:\/\/homes.net.vn\/wp-content\/uploads\/2024\/07\/biet-thu-Xam-Bo-3.jpg\" title=\"Project name 12\">            <div class=\"box has-hover gallery-box box-overlay dark box-text-middle\">\n              <div class=\"box-image image-overlay-add image-cover\" style=\"padding-top:100%;\">\n                <img loading=\"lazy\" decoding=\"async\" width=\"900\" height=\"1500\" src=\"https:\/\/homes.net.vn\/wp-content\/uploads\/2024\/07\/biet-thu-Xam-Bo-3.jpg\" class=\"gallery-construct\" alt=\"\" ids=\"564,565,566,567,568,569,570,571,572,573,574,575\" lightbox_image_size=\"original\" col_spacing=\"small\" animate=\"fadeInUp\" image_height=\"100%\" image_size=\"original\" image_overlay=\"rgba(0, 0, 0, 0.4)\" image_hover=\"overlay-add\" text_pos=\"middle\" text_align=\"center\" text_hover=\"fade-in\" srcset=\"https:\/\/homes.net.vn\/wp-content\/uploads\/2024\/07\/biet-thu-Xam-Bo-3.jpg 900w, https:\/\/homes.net.vn\/wp-content\/uploads\/2024\/07\/biet-thu-Xam-Bo-3-180x300.jpg 180w, https:\/\/homes.net.vn\/wp-content\/uploads\/2024\/07\/biet-thu-Xam-Bo-3-614x1024.jpg 614w, https:\/\/homes.net.vn\/wp-content\/uploads\/2024\/07\/biet-thu-Xam-Bo-3-768x1280.jpg 768w\" sizes=\"auto, (max-width: 900px) 100vw, 900px\" \/>                                  <div class=\"overlay fill\"\n                      style=\"background-color: rgba(0, 0, 0, 0.4)\">\n                  <\/div>\n                                                              <\/div>\n              <div class=\"box-text show-on-hover hover-fade-in text-center\" >\n                 <p>Project name 12<\/p>\n              <\/div>\n            <\/div>\n            <\/a>          <\/div>\n         <\/div><div class=\"gallery-col col\" data-animate=\"fadeInUp\">\n          <div class=\"col-inner\">\n            <a class=\"image-lightbox lightbox-gallery\" href=\"https:\/\/homes.net.vn\/wp-content\/uploads\/2024\/07\/Man-0905.jpg\" title=\"Project name 11\">            <div class=\"box has-hover gallery-box box-overlay dark box-text-middle\">\n              <div class=\"box-image image-overlay-add image-cover\" style=\"padding-top:100%;\">\n                <img loading=\"lazy\" decoding=\"async\" width=\"960\" height=\"1280\" src=\"https:\/\/homes.net.vn\/wp-content\/uploads\/2024\/07\/Man-0905.jpg\" class=\"gallery-construct\" alt=\"\" ids=\"564,565,566,567,568,569,570,571,572,573,574,575\" lightbox_image_size=\"original\" col_spacing=\"small\" animate=\"fadeInUp\" image_height=\"100%\" image_size=\"original\" image_overlay=\"rgba(0, 0, 0, 0.4)\" image_hover=\"overlay-add\" text_pos=\"middle\" text_align=\"center\" text_hover=\"fade-in\" srcset=\"https:\/\/homes.net.vn\/wp-content\/uploads\/2024\/07\/Man-0905.jpg 960w, https:\/\/homes.net.vn\/wp-content\/uploads\/2024\/07\/Man-0905-225x300.jpg 225w, https:\/\/homes.net.vn\/wp-content\/uploads\/2024\/07\/Man-0905-768x1024.jpg 768w\" sizes=\"auto, (max-width: 960px) 100vw, 960px\" \/>                                  <div class=\"overlay fill\"\n                      style=\"background-color: rgba(0, 0, 0, 0.4)\">\n                  <\/div>\n                                                              <\/div>\n              <div class=\"box-text show-on-hover hover-fade-in text-center\" >\n                 <p>Project name 11<\/p>\n              <\/div>\n            <\/div>\n            <\/a>          <\/div>\n         <\/div><div class=\"gallery-col col\" data-animate=\"fadeInUp\">\n          <div class=\"col-inner\">\n            <a class=\"image-lightbox lightbox-gallery\" href=\"https:\/\/homes.net.vn\/wp-content\/uploads\/2024\/07\/biet-thu-Xam-Bo.jpg\" title=\"Project name 10\">            <div class=\"box has-hover gallery-box box-overlay dark box-text-middle\">\n              <div class=\"box-image image-overlay-add image-cover\" style=\"padding-top:100%;\">\n                <img loading=\"lazy\" decoding=\"async\" width=\"1000\" height=\"600\" src=\"https:\/\/homes.net.vn\/wp-content\/uploads\/2024\/07\/biet-thu-Xam-Bo.jpg\" class=\"gallery-construct\" alt=\"\" ids=\"564,565,566,567,568,569,570,571,572,573,574,575\" lightbox_image_size=\"original\" col_spacing=\"small\" animate=\"fadeInUp\" image_height=\"100%\" image_size=\"original\" image_overlay=\"rgba(0, 0, 0, 0.4)\" image_hover=\"overlay-add\" text_pos=\"middle\" text_align=\"center\" text_hover=\"fade-in\" srcset=\"https:\/\/homes.net.vn\/wp-content\/uploads\/2024\/07\/biet-thu-Xam-Bo.jpg 1000w, https:\/\/homes.net.vn\/wp-content\/uploads\/2024\/07\/biet-thu-Xam-Bo-300x180.jpg 300w, https:\/\/homes.net.vn\/wp-content\/uploads\/2024\/07\/biet-thu-Xam-Bo-768x461.jpg 768w\" sizes=\"auto, (max-width: 1000px) 100vw, 1000px\" \/>                                  <div class=\"overlay fill\"\n                      style=\"background-color: rgba(0, 0, 0, 0.4)\">\n                  <\/div>\n                                                              <\/div>\n              <div class=\"box-text show-on-hover hover-fade-in text-center\" >\n                 <p>Project name 10<\/p>\n              <\/div>\n            <\/div>\n            <\/a>          <\/div>\n         <\/div><div class=\"gallery-col col\" data-animate=\"fadeInUp\">\n          <div class=\"col-inner\">\n            <a class=\"image-lightbox lightbox-gallery\" href=\"https:\/\/homes.net.vn\/wp-content\/uploads\/2024\/07\/z5601212244221_1ffc4c330ef02497dcfda6026607469f-1.jpg\" title=\"Project name 9\">            <div class=\"box has-hover gallery-box box-overlay dark box-text-middle\">\n              <div class=\"box-image image-overlay-add image-cover\" style=\"padding-top:100%;\">\n                <img loading=\"lazy\" decoding=\"async\" width=\"433\" height=\"260\" src=\"https:\/\/homes.net.vn\/wp-content\/uploads\/2024\/07\/z5601212244221_1ffc4c330ef02497dcfda6026607469f-1.jpg\" class=\"gallery-construct\" alt=\"\" ids=\"564,565,566,567,568,569,570,571,572,573,574,575\" lightbox_image_size=\"original\" col_spacing=\"small\" animate=\"fadeInUp\" image_height=\"100%\" image_size=\"original\" image_overlay=\"rgba(0, 0, 0, 0.4)\" image_hover=\"overlay-add\" text_pos=\"middle\" text_align=\"center\" text_hover=\"fade-in\" srcset=\"https:\/\/homes.net.vn\/wp-content\/uploads\/2024\/07\/z5601212244221_1ffc4c330ef02497dcfda6026607469f-1.jpg 433w, https:\/\/homes.net.vn\/wp-content\/uploads\/2024\/07\/z5601212244221_1ffc4c330ef02497dcfda6026607469f-1-300x180.jpg 300w\" sizes=\"auto, (max-width: 433px) 100vw, 433px\" \/>                                  <div class=\"overlay fill\"\n                      style=\"background-color: rgba(0, 0, 0, 0.4)\">\n                  <\/div>\n                                                              <\/div>\n              <div class=\"box-text show-on-hover hover-fade-in text-center\" >\n                 <p>Project name 9<\/p>\n              <\/div>\n            <\/div>\n            <\/a>          <\/div>\n         <\/div><div class=\"gallery-col col\" data-animate=\"fadeInUp\">\n          <div class=\"col-inner\">\n            <a class=\"image-lightbox lightbox-gallery\" href=\"https:\/\/homes.net.vn\/wp-content\/uploads\/2024\/07\/z5601207627605_682ede3d1c95334375356aba2f6d28b8-1.png\" title=\"Project name 8\">            <div class=\"box has-hover gallery-box box-overlay dark box-text-middle\">\n              <div class=\"box-image image-overlay-add image-cover\" style=\"padding-top:100%;\">\n                <img loading=\"lazy\" decoding=\"async\" width=\"433\" height=\"260\" src=\"https:\/\/homes.net.vn\/wp-content\/uploads\/2024\/07\/z5601207627605_682ede3d1c95334375356aba2f6d28b8-1.png\" class=\"gallery-construct\" alt=\"\" ids=\"564,565,566,567,568,569,570,571,572,573,574,575\" lightbox_image_size=\"original\" col_spacing=\"small\" animate=\"fadeInUp\" image_height=\"100%\" image_size=\"original\" image_overlay=\"rgba(0, 0, 0, 0.4)\" image_hover=\"overlay-add\" text_pos=\"middle\" text_align=\"center\" text_hover=\"fade-in\" srcset=\"https:\/\/homes.net.vn\/wp-content\/uploads\/2024\/07\/z5601207627605_682ede3d1c95334375356aba2f6d28b8-1.png 433w, https:\/\/homes.net.vn\/wp-content\/uploads\/2024\/07\/z5601207627605_682ede3d1c95334375356aba2f6d28b8-1-300x180.png 300w\" sizes=\"auto, (max-width: 433px) 100vw, 433px\" \/>                                  <div class=\"overlay fill\"\n                      style=\"background-color: rgba(0, 0, 0, 0.4)\">\n                  <\/div>\n                                                              <\/div>\n              <div class=\"box-text show-on-hover hover-fade-in text-center\" >\n                 <p>Project name 8<\/p>\n              <\/div>\n            <\/div>\n            <\/a>          <\/div>\n         <\/div><div class=\"gallery-col col\" data-animate=\"fadeInUp\">\n          <div class=\"col-inner\">\n            <a class=\"image-lightbox lightbox-gallery\" href=\"https:\/\/homes.net.vn\/wp-content\/uploads\/2024\/07\/z5601217317714_f007b795c65876b94c4c827814008aa3-1.png\" title=\"Project 7\">            <div class=\"box has-hover gallery-box box-overlay dark box-text-middle\">\n              <div class=\"box-image image-overlay-add image-cover\" style=\"padding-top:100%;\">\n                <img loading=\"lazy\" decoding=\"async\" width=\"433\" height=\"260\" src=\"https:\/\/homes.net.vn\/wp-content\/uploads\/2024\/07\/z5601217317714_f007b795c65876b94c4c827814008aa3-1.png\" class=\"gallery-construct\" alt=\"\" ids=\"564,565,566,567,568,569,570,571,572,573,574,575\" lightbox_image_size=\"original\" col_spacing=\"small\" animate=\"fadeInUp\" image_height=\"100%\" image_size=\"original\" image_overlay=\"rgba(0, 0, 0, 0.4)\" image_hover=\"overlay-add\" text_pos=\"middle\" text_align=\"center\" text_hover=\"fade-in\" srcset=\"https:\/\/homes.net.vn\/wp-content\/uploads\/2024\/07\/z5601217317714_f007b795c65876b94c4c827814008aa3-1.png 433w, https:\/\/homes.net.vn\/wp-content\/uploads\/2024\/07\/z5601217317714_f007b795c65876b94c4c827814008aa3-1-300x180.png 300w\" sizes=\"auto, (max-width: 433px) 100vw, 433px\" \/>                                  <div class=\"overlay fill\"\n                      style=\"background-color: rgba(0, 0, 0, 0.4)\">\n                  <\/div>\n                                                              <\/div>\n              <div class=\"box-text show-on-hover hover-fade-in text-center\" >\n                 <p>Project 7<\/p>\n              <\/div>\n            <\/div>\n            <\/a>          <\/div>\n         <\/div><div class=\"gallery-col col\" data-animate=\"fadeInUp\">\n          <div class=\"col-inner\">\n            <a class=\"image-lightbox lightbox-gallery\" href=\"https:\/\/homes.net.vn\/wp-content\/uploads\/2024\/07\/z5601199291375_272151ab86349f1af6c5e1e1765e82d3-1.png\" title=\"Project name 6\">            <div class=\"box has-hover gallery-box box-overlay dark box-text-middle\">\n              <div class=\"box-image image-overlay-add image-cover\" style=\"padding-top:100%;\">\n                <img loading=\"lazy\" decoding=\"async\" width=\"433\" height=\"260\" src=\"https:\/\/homes.net.vn\/wp-content\/uploads\/2024\/07\/z5601199291375_272151ab86349f1af6c5e1e1765e82d3-1.png\" class=\"gallery-construct\" alt=\"\" ids=\"564,565,566,567,568,569,570,571,572,573,574,575\" lightbox_image_size=\"original\" col_spacing=\"small\" animate=\"fadeInUp\" image_height=\"100%\" image_size=\"original\" image_overlay=\"rgba(0, 0, 0, 0.4)\" image_hover=\"overlay-add\" text_pos=\"middle\" text_align=\"center\" text_hover=\"fade-in\" srcset=\"https:\/\/homes.net.vn\/wp-content\/uploads\/2024\/07\/z5601199291375_272151ab86349f1af6c5e1e1765e82d3-1.png 433w, https:\/\/homes.net.vn\/wp-content\/uploads\/2024\/07\/z5601199291375_272151ab86349f1af6c5e1e1765e82d3-1-300x180.png 300w\" sizes=\"auto, (max-width: 433px) 100vw, 433px\" \/>                                  <div class=\"overlay fill\"\n                      style=\"background-color: rgba(0, 0, 0, 0.4)\">\n                  <\/div>\n                                                              <\/div>\n              <div class=\"box-text show-on-hover hover-fade-in text-center\" >\n                 <p>Project name 6<\/p>\n              <\/div>\n            <\/div>\n            <\/a>          <\/div>\n         <\/div><div class=\"gallery-col col\" data-animate=\"fadeInUp\">\n          <div class=\"col-inner\">\n            <a class=\"image-lightbox lightbox-gallery\" href=\"https:\/\/homes.net.vn\/wp-content\/uploads\/2024\/07\/z5601207579635_07ca1f1afd5b9a2513ef51b4ece075ca-1.png\" title=\"T\u00ean c\u00f4ng tr\u00ecnh 5\">            <div class=\"box has-hover gallery-box box-overlay dark box-text-middle\">\n              <div class=\"box-image image-overlay-add image-cover\" style=\"padding-top:100%;\">\n                <img loading=\"lazy\" decoding=\"async\" width=\"433\" height=\"260\" src=\"https:\/\/homes.net.vn\/wp-content\/uploads\/2024\/07\/z5601207579635_07ca1f1afd5b9a2513ef51b4ece075ca-1.png\" class=\"gallery-construct\" alt=\"\" ids=\"564,565,566,567,568,569,570,571,572,573,574,575\" lightbox_image_size=\"original\" col_spacing=\"small\" animate=\"fadeInUp\" image_height=\"100%\" image_size=\"original\" image_overlay=\"rgba(0, 0, 0, 0.4)\" image_hover=\"overlay-add\" text_pos=\"middle\" text_align=\"center\" text_hover=\"fade-in\" srcset=\"https:\/\/homes.net.vn\/wp-content\/uploads\/2024\/07\/z5601207579635_07ca1f1afd5b9a2513ef51b4ece075ca-1.png 433w, https:\/\/homes.net.vn\/wp-content\/uploads\/2024\/07\/z5601207579635_07ca1f1afd5b9a2513ef51b4ece075ca-1-300x180.png 300w\" sizes=\"auto, (max-width: 433px) 100vw, 433px\" \/>                                  <div class=\"overlay fill\"\n                      style=\"background-color: rgba(0, 0, 0, 0.4)\">\n                  <\/div>\n                                                              <\/div>\n              <div class=\"box-text show-on-hover hover-fade-in text-center\" >\n                 <p>T\u00ean c\u00f4ng tr\u00ecnh 5<\/p>\n              <\/div>\n            <\/div>\n            <\/a>          <\/div>\n         <\/div><div class=\"gallery-col col\" data-animate=\"fadeInUp\">\n          <div class=\"col-inner\">\n            <a class=\"image-lightbox lightbox-gallery\" href=\"https:\/\/homes.net.vn\/wp-content\/uploads\/2024\/07\/z5601212244291_6ada23154ef53341d02a23eca67a656a-1.png\" title=\"T\u00ean c\u00f4ng tr\u00ecnh 4\">            <div class=\"box has-hover gallery-box box-overlay dark box-text-middle\">\n              <div class=\"box-image image-overlay-add image-cover\" style=\"padding-top:100%;\">\n                <img loading=\"lazy\" decoding=\"async\" width=\"433\" height=\"260\" src=\"https:\/\/homes.net.vn\/wp-content\/uploads\/2024\/07\/z5601212244291_6ada23154ef53341d02a23eca67a656a-1.png\" class=\"gallery-construct\" alt=\"\" ids=\"564,565,566,567,568,569,570,571,572,573,574,575\" lightbox_image_size=\"original\" col_spacing=\"small\" animate=\"fadeInUp\" image_height=\"100%\" image_size=\"original\" image_overlay=\"rgba(0, 0, 0, 0.4)\" image_hover=\"overlay-add\" text_pos=\"middle\" text_align=\"center\" text_hover=\"fade-in\" srcset=\"https:\/\/homes.net.vn\/wp-content\/uploads\/2024\/07\/z5601212244291_6ada23154ef53341d02a23eca67a656a-1.png 433w, https:\/\/homes.net.vn\/wp-content\/uploads\/2024\/07\/z5601212244291_6ada23154ef53341d02a23eca67a656a-1-300x180.png 300w\" sizes=\"auto, (max-width: 433px) 100vw, 433px\" \/>                                  <div class=\"overlay fill\"\n                      style=\"background-color: rgba(0, 0, 0, 0.4)\">\n                  <\/div>\n                                                              <\/div>\n              <div class=\"box-text show-on-hover hover-fade-in text-center\" >\n                 <p>T\u00ean c\u00f4ng tr\u00ecnh 4<\/p>\n              <\/div>\n            <\/div>\n            <\/a>          <\/div>\n         <\/div><div class=\"gallery-col col\" data-animate=\"fadeInUp\">\n          <div class=\"col-inner\">\n            <a class=\"image-lightbox lightbox-gallery\" href=\"https:\/\/homes.net.vn\/wp-content\/uploads\/2024\/07\/SAO-VANG-TIEN-LANG-1.jpg\" title=\"Project name 3\">            <div class=\"box has-hover gallery-box box-overlay dark box-text-middle\">\n              <div class=\"box-image image-overlay-add image-cover\" style=\"padding-top:100%;\">\n                <img loading=\"lazy\" decoding=\"async\" width=\"2048\" height=\"1536\" src=\"https:\/\/homes.net.vn\/wp-content\/uploads\/2024\/07\/SAO-VANG-TIEN-LANG-1.jpg\" class=\"gallery-construct\" alt=\"\" ids=\"564,565,566,567,568,569,570,571,572,573,574,575\" lightbox_image_size=\"original\" col_spacing=\"small\" animate=\"fadeInUp\" image_height=\"100%\" image_size=\"original\" image_overlay=\"rgba(0, 0, 0, 0.4)\" image_hover=\"overlay-add\" text_pos=\"middle\" text_align=\"center\" text_hover=\"fade-in\" srcset=\"https:\/\/homes.net.vn\/wp-content\/uploads\/2024\/07\/SAO-VANG-TIEN-LANG-1.jpg 2048w, https:\/\/homes.net.vn\/wp-content\/uploads\/2024\/07\/SAO-VANG-TIEN-LANG-1-300x225.jpg 300w, https:\/\/homes.net.vn\/wp-content\/uploads\/2024\/07\/SAO-VANG-TIEN-LANG-1-1024x768.jpg 1024w, https:\/\/homes.net.vn\/wp-content\/uploads\/2024\/07\/SAO-VANG-TIEN-LANG-1-768x576.jpg 768w, https:\/\/homes.net.vn\/wp-content\/uploads\/2024\/07\/SAO-VANG-TIEN-LANG-1-1536x1152.jpg 1536w\" sizes=\"auto, (max-width: 2048px) 100vw, 2048px\" \/>                                  <div class=\"overlay fill\"\n                      style=\"background-color: rgba(0, 0, 0, 0.4)\">\n                  <\/div>\n                                                              <\/div>\n              <div class=\"box-text show-on-hover hover-fade-in text-center\" >\n                 <p>Project name 3<\/p>\n              <\/div>\n            <\/div>\n            <\/a>          <\/div>\n         <\/div><div class=\"gallery-col col\" data-animate=\"fadeInUp\">\n          <div class=\"col-inner\">\n            <a class=\"image-lightbox lightbox-gallery\" href=\"https:\/\/homes.net.vn\/wp-content\/uploads\/2024\/07\/DONG-TRAN-VAN-PHONG-1.jpg\" title=\"Project name 2\">            <div class=\"box has-hover gallery-box box-overlay dark box-text-middle\">\n              <div class=\"box-image image-overlay-add image-cover\" style=\"padding-top:100%;\">\n                <img loading=\"lazy\" decoding=\"async\" width=\"700\" height=\"368\" src=\"https:\/\/homes.net.vn\/wp-content\/uploads\/2024\/07\/DONG-TRAN-VAN-PHONG-1.jpg\" class=\"gallery-construct\" alt=\"\" ids=\"564,565,566,567,568,569,570,571,572,573,574,575\" lightbox_image_size=\"original\" col_spacing=\"small\" animate=\"fadeInUp\" image_height=\"100%\" image_size=\"original\" image_overlay=\"rgba(0, 0, 0, 0.4)\" image_hover=\"overlay-add\" text_pos=\"middle\" text_align=\"center\" text_hover=\"fade-in\" srcset=\"https:\/\/homes.net.vn\/wp-content\/uploads\/2024\/07\/DONG-TRAN-VAN-PHONG-1.jpg 700w, https:\/\/homes.net.vn\/wp-content\/uploads\/2024\/07\/DONG-TRAN-VAN-PHONG-1-300x158.jpg 300w\" sizes=\"auto, (max-width: 700px) 100vw, 700px\" \/>                                  <div class=\"overlay fill\"\n                      style=\"background-color: rgba(0, 0, 0, 0.4)\">\n                  <\/div>\n                                                              <\/div>\n              <div class=\"box-text show-on-hover hover-fade-in text-center\" >\n                 <p>Project name 2<\/p>\n              <\/div>\n            <\/div>\n            <\/a>          <\/div>\n         <\/div><div class=\"gallery-col col\" data-animate=\"fadeInUp\">\n          <div class=\"col-inner\">\n            <a class=\"image-lightbox lightbox-gallery\" href=\"https:\/\/homes.net.vn\/wp-content\/uploads\/2024\/07\/anh-sao-vang-an-lao.jpg\" title=\"Project name 1\">            <div class=\"box has-hover gallery-box box-overlay dark box-text-middle\">\n              <div class=\"box-image image-overlay-add image-cover\" style=\"padding-top:100%;\">\n                <img loading=\"lazy\" decoding=\"async\" width=\"320\" height=\"167\" src=\"https:\/\/homes.net.vn\/wp-content\/uploads\/2024\/07\/anh-sao-vang-an-lao.jpg\" class=\"gallery-construct\" alt=\"\" ids=\"564,565,566,567,568,569,570,571,572,573,574,575\" lightbox_image_size=\"original\" col_spacing=\"small\" animate=\"fadeInUp\" image_height=\"100%\" image_size=\"original\" image_overlay=\"rgba(0, 0, 0, 0.4)\" image_hover=\"overlay-add\" text_pos=\"middle\" text_align=\"center\" text_hover=\"fade-in\" srcset=\"https:\/\/homes.net.vn\/wp-content\/uploads\/2024\/07\/anh-sao-vang-an-lao.jpg 320w, https:\/\/homes.net.vn\/wp-content\/uploads\/2024\/07\/anh-sao-vang-an-lao-300x157.jpg 300w\" sizes=\"auto, (max-width: 320px) 100vw, 320px\" \/>                                  <div class=\"overlay fill\"\n                      style=\"background-color: rgba(0, 0, 0, 0.4)\">\n                  <\/div>\n                                                              <\/div>\n              <div class=\"box-text show-on-hover hover-fade-in text-center\" >\n                 <p>Project name 1<\/p>\n              <\/div>\n            <\/div>\n            <\/a>          <\/div>\n         <\/div><\/div>\n","protected":false},"excerpt":{"rendered":"","protected":false},"author":1,"featured_media":0,"parent":0,"menu_order":0,"comment_status":"closed","ping_status":"closed","template":"","meta":{"rank_math_lock_modified_date":false,"footnotes":""},"class_list":["post-776","page","type-page","status-publish","hentry"],"acf":[],"_links":{"self":[{"href":"https:\/\/homes.net.vn\/en\/wp-json\/wp\/v2\/pages\/776","targetHints":{"allow":["GET"]}}],"collection":[{"href":"https:\/\/homes.net.vn\/en\/wp-json\/wp\/v2\/pages"}],"about":[{"href":"https:\/\/homes.net.vn\/en\/wp-json\/wp\/v2\/types\/page"}],"author":[{"embeddable":true,"href":"https:\/\/homes.net.vn\/en\/wp-json\/wp\/v2\/users\/1"}],"replies":[{"embeddable":true,"href":"https:\/\/homes.net.vn\/en\/wp-json\/wp\/v2\/comments?post=776"}],"version-history":[{"count":2,"href":"https:\/\/homes.net.vn\/en\/wp-json\/wp\/v2\/pages\/776\/revisions"}],"predecessor-version":[{"id":778,"href":"https:\/\/homes.net.vn\/en\/wp-json\/wp\/v2\/pages\/776\/revisions\/778"}],"wp:attachment":[{"href":"https:\/\/homes.net.vn\/en\/wp-json\/wp\/v2\/media?parent=776"}],"curies":[{"name":"wp","href":"https:\/\/api.w.org\/{rel}","templated":true}]}}